{"id":484,"date":"2016-10-29T18:24:23","date_gmt":"2016-10-29T18:24:23","guid":{"rendered":"http:\/\/www.ogiscorp.com\/portal\/about-us\/?lang=es"},"modified":"2021-05-03T07:44:16","modified_gmt":"2021-05-03T13:44:16","slug":"acerca-de","status":"publish","type":"page","link":"http:\/\/www.ogiscorp.com\/es\/acerca-de\/","title":{"rendered":"Acerca de"},"content":{"rendered":"<p>[vc_row row_type=\u00bbrow\u00bb use_row_as_full_screen_section=\u00bbno\u00bb type=\u00bbfull_width\u00bb angled_section=\u00bbno\u00bb text_align=\u00bbleft\u00bb background_image_as_pattern=\u00bbwithout_pattern\u00bb css_animation=\u00bb\u00bb][vc_column][vc_column_text]<\/p>\n<h2>\u00bfQui\u00e9nes somos?<\/h2>\n<p>[\/vc_column_text][vc_separator type=\u00bbsmall\u00bb position=\u00bbleft\u00bb down=\u00bb15&#8243;][vc_column_text]OGIS Corp es una empresa Americana registrada en Houston, Texas en el a\u00f1o 2006.[\/vc_column_text][vc_empty_space height=\u00bb15px\u00bb][vc_column_text]<\/p>\n<p>Somos una empresa proveedora de servicios de procura y log\u00edstica en equipos, materiales e insumos a empresas del sector privado y publico.[\/vc_column_text][vc_empty_space height=\u00bb15px\u00bb][vc_column_text] Nuestro equipo de trabajo est\u00e1 integrado por profesionales altamente calificados, con amplia experiencia y competencia para llevar a cabo los servicios de una manera oportuna y eficaz, permitiendo a nuestros clientes el logro de los objetivos de su organizaci\u00f3n.[\/vc_column_text][vc_empty_space height=\u00bb50px\u00bb][vc_column_text]<\/p>\n<h2>Visi\u00f3n<\/h2>\n<p>[\/vc_column_text][vc_separator type=\u00bbsmall\u00bb position=\u00bbleft\u00bb down=\u00bb15&#8243;][vc_column_text]Consolidar a OGIS Corp como proveedor l\u00edder de servicios de compras en todo el mundo, siendo reconocida como una empresa modelo de gesti\u00f3n eficiente y de competitividad, brindando soluciones eficaces a nuestros clientes con una amplia cartera de productos y servicios y comprometi\u00e9ndonos con el medio ambiente y responsabilidad social.[\/vc_column_text][vc_empty_space height=\u00bb50px\u00bb][vc_column_text]<\/p>\n<h2>Misi\u00f3n<\/h2>\n<p>[\/vc_column_text][vc_separator type=\u00bbsmall\u00bb position=\u00bbleft\u00bb down=\u00bb15&#8243;][vc_column_text]Proporcionar los recursos humanos, materiales, equipos, y servicios profesionales para lograr los objetivos operacionales de la empresa, adaptando procesos y actividades para el cumplimiento de la normativa internacional, creando valor sostenible para nuestros clientes para cumplir con sus objetivos operativos y econ\u00f3micos.[\/vc_column_text][vc_empty_space height=\u00bb50px\u00bb][vc_column_text]<\/p>\n<h2>Nuestros Clientes<\/h2>\n<p>[\/vc_column_text][vc_separator type=\u00bbsmall\u00bb position=\u00bbleft\u00bb down=\u00bb15&#8243;][vc_column_text]Los clientes de OGIS Corp incluyen a las principales compa\u00f1\u00edas internacionales de sectores multiples en todo el mundo, asi como compa\u00f1ias nacionales y locales. [\/vc_column_text][vc_empty_space height=\u00bb50px\u00bb][vc_column_text]<\/p>\n<h2>Nuestra Gente<\/h2>\n<p>[\/vc_column_text][vc_separator type=\u00bbsmall\u00bb position=\u00bbleft\u00bb down=\u00bb15&#8243;][vc_column_text]El personal de OGIS Corp trabaja con sus clientes en los requerimientos espec\u00edficos de cada proyecto, as\u00ed como en las especificaciones requeridas para cada equipo. Tenemos amplia experiencia profesional en el manejo y control de calidad de todos los productos hasta su entrega. Nuestra experiencia garantiza al cliente alta calidad de nuestros productos, precio justo y adecuado, entrega al tiempo requerido y garant\u00eda de productos y servicios.[\/vc_column_text][\/vc_column][\/vc_row]<\/p>\n","protected":false},"excerpt":{"rendered":"<p>[vc_row row_type=\u00bbrow\u00bb use_row_as_full_screen_section=\u00bbno\u00bb type=\u00bbfull_width\u00bb angled_section=\u00bbno\u00bb text_align=\u00bbleft\u00bb background_image_as_pattern=\u00bbwithout_pattern\u00bb css_animation=\u00bb\u00bb][vc_column][vc_column_text] \u00bfQui\u00e9nes somos? [\/vc_column_text][vc_separator type=\u00bbsmall\u00bb position=\u00bbleft\u00bb down=\u00bb15&#8243;][vc_column_text]OGIS Corp es una empresa Americana registrada en Houston, Texas en el a\u00f1o 2006.[\/vc_column_text][vc_empty_space height=\u00bb15px\u00bb][vc_column_text] Somos una empresa proveedora de servicios de procura y log\u00edstica en equipos, materiales e insumos a empresas&#8230;<\/p>\n","protected":false},"author":2,"featured_media":0,"parent":0,"menu_order":0,"comment_status":"closed","ping_status":"closed","template":"","meta":[],"_links":{"self":[{"href":"http:\/\/www.ogiscorp.com\/es\/wp-json\/wp\/v2\/pages\/484"}],"collection":[{"href":"http:\/\/www.ogiscorp.com\/es\/wp-json\/wp\/v2\/pages"}],"about":[{"href":"http:\/\/www.ogiscorp.com\/es\/wp-json\/wp\/v2\/types\/page"}],"author":[{"embeddable":true,"href":"http:\/\/www.ogiscorp.com\/es\/wp-json\/wp\/v2\/users\/2"}],"replies":[{"embeddable":true,"href":"http:\/\/www.ogiscorp.com\/es\/wp-json\/wp\/v2\/comments?post=484"}],"version-history":[{"count":8,"href":"http:\/\/www.ogiscorp.com\/es\/wp-json\/wp\/v2\/pages\/484\/revisions"}],"predecessor-version":[{"id":1383,"href":"http:\/\/www.ogiscorp.com\/es\/wp-json\/wp\/v2\/pages\/484\/revisions\/1383"}],"wp:attachment":[{"href":"http:\/\/www.ogiscorp.com\/es\/wp-json\/wp\/v2\/media?parent=484"}],"curies":[{"name":"wp","href":"https:\/\/api.w.org\/{rel}","templated":true}]}}