{"id":619,"date":"2016-11-17T01:58:55","date_gmt":"2016-11-17T01:58:55","guid":{"rendered":"http:\/\/www.ogiscorp.com\/portal\/es\/?page_id=619"},"modified":"2017-02-17T00:47:54","modified_gmt":"2017-02-17T00:47:54","slug":"productos","status":"publish","type":"page","link":"http:\/\/www.ogiscorp.com\/es\/productos\/","title":{"rendered":"Productos"},"content":{"rendered":"<p>[vc_row row_type=\u00bbrow\u00bb use_row_as_full_screen_section=\u00bbno\u00bb type=\u00bbfull_width\u00bb angled_section=\u00bbno\u00bb text_align=\u00bbleft\u00bb background_image_as_pattern=\u00bbwithout_pattern\u00bb css_animation=\u00bb\u00bb][vc_column][vc_column_text]<\/p>\n<h2>Equipos y Materiales Industriales<\/h2>\n<p>[\/vc_column_text][vc_separator type=\u00bbsmall\u00bb position=\u00bbleft\u00bb down=\u00bb15&#8243;][vc_column_text]Compresores de Aire, V\u00e1lvulas Preventoras, Freno de Bloque, Embrague, Depthometers, Bridas, Drawworks, Herramientas de Pesca, Desanders, Lubricantes, Convertidor dr Torque, Uniones, V\u00e1lvulas, Pinzas, Acoplamientos, Subs, Crosses, Cupas, Cutters, Dampeners, Swages, Switches, Swivels, Tablas, Tapas, Gr\u00faas, Cuerda de alambre, Carcasa, Top Drive, Bombas, Ara\u00f1as, Filtros , Materiales El\u00e9ctricos, Seal\u00a0O Ring, Bearing, Conexiones, Spreaders, Derricks, Termostatos, Detectores, Sensores, Diaphragms, Testers, Nipples, Seats, Shakers, Tees, Sleeves, Slips, Sockets, Tanks Nozzles, Winches, Steppers, Washpipe, Chokes, Clamps, Limpiadores, Motores El\u00e9ctricos, Conectores, Controles, Mesas Rotarias, Convertidores, Contadores, Bombas Centrifugas, Filtros, Solventes, llaves inglesas, Resortes, pi\u00f1ones, pilas, Standpipes, tenazas, acero, abridores, estabilizadores, O-Rings.[\/vc_column_text][vc_row_inner row_type=\u00bbrow\u00bb type=\u00bbfull_width\u00bb text_align=\u00bbleft\u00bb css_animation=\u00bb\u00bb][vc_column_inner width=\u00bb1\/3&#8243; offset=\u00bbvc_col-lg-2 vc_col-xs-4&#8243;][vc_single_image image=\u00bb449&#8243; img_size=\u00bbfull\u00bb alignment=\u00bbcenter\u00bb qode_css_animation=\u00bb\u00bb][\/vc_column_inner][vc_column_inner width=\u00bb1\/3&#8243; offset=\u00bbvc_col-lg-offset-0 vc_col-lg-2 vc_col-xs-4&#8243;][vc_single_image image=\u00bb450&#8243; img_size=\u00bbfull\u00bb alignment=\u00bbcenter\u00bb qode_css_animation=\u00bb\u00bb][\/vc_column_inner][vc_column_inner width=\u00bb1\/3&#8243; offset=\u00bbvc_col-lg-2 vc_col-xs-4&#8243;][vc_single_image image=\u00bb451&#8243; img_size=\u00bbfull\u00bb alignment=\u00bbcenter\u00bb qode_css_animation=\u00bb\u00bb][\/vc_column_inner][vc_column_inner width=\u00bb1\/3&#8243; offset=\u00bbvc_col-lg-2 vc_col-xs-4&#8243;][vc_single_image image=\u00bb453&#8243; img_size=\u00bbfull\u00bb alignment=\u00bbcenter\u00bb qode_css_animation=\u00bb\u00bb][\/vc_column_inner][vc_column_inner width=\u00bb1\/3&#8243; offset=\u00bbvc_col-lg-2 vc_col-xs-4&#8243;][vc_single_image image=\u00bb452&#8243; img_size=\u00bbfull\u00bb alignment=\u00bbcenter\u00bb qode_css_animation=\u00bb\u00bb][\/vc_column_inner][vc_column_inner width=\u00bb1\/3&#8243; offset=\u00bbvc_col-lg-2 vc_col-xs-4&#8243;][vc_single_image image=\u00bb454&#8243; img_size=\u00bbfull\u00bb alignment=\u00bbcenter\u00bb qode_css_animation=\u00bb\u00bb][\/vc_column_inner][\/vc_row_inner][vc_row_inner row_type=\u00bbrow\u00bb type=\u00bbfull_width\u00bb text_align=\u00bbleft\u00bb css_animation=\u00bb\u00bb][vc_column_inner width=\u00bb1\/3&#8243; offset=\u00bbvc_col-lg-2 vc_col-xs-4&#8243;][vc_single_image image=\u00bb455&#8243; img_size=\u00bbfull\u00bb alignment=\u00bbcenter\u00bb qode_css_animation=\u00bb\u00bb][\/vc_column_inner][vc_column_inner width=\u00bb1\/3&#8243; offset=\u00bbvc_col-lg-2 vc_col-xs-4&#8243;][vc_single_image image=\u00bb456&#8243; img_size=\u00bbfull\u00bb alignment=\u00bbcenter\u00bb qode_css_animation=\u00bb\u00bb][\/vc_column_inner][vc_column_inner width=\u00bb1\/3&#8243; offset=\u00bbvc_col-lg-2 vc_col-xs-4&#8243;][vc_single_image image=\u00bb457&#8243; img_size=\u00bbfull\u00bb alignment=\u00bbcenter\u00bb qode_css_animation=\u00bb\u00bb][\/vc_column_inner][vc_column_inner width=\u00bb1\/3&#8243; offset=\u00bbvc_col-lg-2 vc_col-xs-4&#8243;][vc_single_image image=\u00bb458&#8243; img_size=\u00bbfull\u00bb alignment=\u00bbcenter\u00bb qode_css_animation=\u00bb\u00bb][\/vc_column_inner][vc_column_inner width=\u00bb1\/3&#8243; offset=\u00bbvc_col-lg-2 vc_col-xs-4&#8243;][vc_single_image image=\u00bb459&#8243; img_size=\u00bbfull\u00bb alignment=\u00bbcenter\u00bb qode_css_animation=\u00bb\u00bb][\/vc_column_inner][vc_column_inner width=\u00bb1\/3&#8243; offset=\u00bbvc_col-lg-2 vc_col-xs-4&#8243;][vc_single_image image=\u00bb460&#8243; img_size=\u00bbfull\u00bb alignment=\u00bbcenter\u00bb qode_css_animation=\u00bb\u00bb][\/vc_column_inner][\/vc_row_inner][vc_empty_space height=\u00bb60px\u00bb][vc_column_text]<\/p>\n<h2>Seguridad Industrial<\/h2>\n<p>[\/vc_column_text][vc_separator type=\u00bbsmall\u00bb position=\u00bbleft\u00bb down=\u00bb15&#8243;][vc_column_text]Botas &amp; Zapatos de Seguridad, Guantes de Seguridad y Lentes de Seguridad, Protecci\u00f3n Auditiva, Chalecos de Seguridad, Cascos de Seguridad, Bragas de Seguridad, Arneses, Barreras de Seguridad, Detectores de Gases etc.[\/vc_column_text][vc_row_inner row_type=\u00bbrow\u00bb type=\u00bbfull_width\u00bb text_align=\u00bbleft\u00bb css_animation=\u00bb\u00bb][vc_column_inner width=\u00bb1\/3&#8243; offset=\u00bbvc_col-lg-2 vc_col-xs-4&#8243;][vc_single_image image=\u00bb520&#8243; img_size=\u00bbfull\u00bb alignment=\u00bbcenter\u00bb qode_css_animation=\u00bb\u00bb][\/vc_column_inner][vc_column_inner width=\u00bb1\/3&#8243; offset=\u00bbvc_col-lg-offset-0 vc_col-lg-2 vc_col-xs-4&#8243;][vc_single_image image=\u00bb521&#8243; img_size=\u00bbfull\u00bb alignment=\u00bbcenter\u00bb qode_css_animation=\u00bb\u00bb][\/vc_column_inner][vc_column_inner width=\u00bb1\/3&#8243; offset=\u00bbvc_col-lg-2 vc_col-xs-4&#8243;][vc_single_image image=\u00bb522&#8243; img_size=\u00bbfull\u00bb alignment=\u00bbcenter\u00bb qode_css_animation=\u00bb\u00bb][\/vc_column_inner][vc_column_inner width=\u00bb1\/3&#8243; offset=\u00bbvc_col-lg-2 vc_col-xs-4&#8243;][vc_single_image image=\u00bb523&#8243; img_size=\u00bbfull\u00bb alignment=\u00bbcenter\u00bb qode_css_animation=\u00bb\u00bb][\/vc_column_inner][vc_column_inner width=\u00bb1\/3&#8243; offset=\u00bbvc_col-lg-2 vc_col-xs-4&#8243;][vc_single_image image=\u00bb524&#8243; img_size=\u00bbfull\u00bb alignment=\u00bbcenter\u00bb qode_css_animation=\u00bb\u00bb][\/vc_column_inner][vc_column_inner width=\u00bb1\/3&#8243; offset=\u00bbvc_col-lg-2 vc_col-xs-4&#8243;][vc_single_image image=\u00bb525&#8243; img_size=\u00bbfull\u00bb alignment=\u00bbcenter\u00bb qode_css_animation=\u00bb\u00bb][\/vc_column_inner][\/vc_row_inner][vc_row_inner row_type=\u00bbrow\u00bb type=\u00bbfull_width\u00bb text_align=\u00bbleft\u00bb css_animation=\u00bb\u00bb][vc_column_inner width=\u00bb1\/3&#8243; offset=\u00bbvc_col-lg-2 vc_col-xs-4&#8243;][vc_single_image image=\u00bb526&#8243; img_size=\u00bbfull\u00bb alignment=\u00bbcenter\u00bb qode_css_animation=\u00bb\u00bb][\/vc_column_inner][vc_column_inner width=\u00bb1\/3&#8243; offset=\u00bbvc_col-lg-offset-0 vc_col-lg-2 vc_col-xs-4&#8243;][vc_single_image image=\u00bb527&#8243; img_size=\u00bbfull\u00bb alignment=\u00bbcenter\u00bb qode_css_animation=\u00bb\u00bb][\/vc_column_inner][vc_column_inner width=\u00bb1\/3&#8243; offset=\u00bbvc_col-lg-2 vc_col-xs-4&#8243;][vc_single_image image=\u00bb528&#8243; img_size=\u00bbfull\u00bb alignment=\u00bbcenter\u00bb qode_css_animation=\u00bb\u00bb][\/vc_column_inner][vc_column_inner width=\u00bb1\/3&#8243; offset=\u00bbvc_col-lg-2 vc_col-xs-4&#8243;][vc_single_image image=\u00bb529&#8243; img_size=\u00bbfull\u00bb alignment=\u00bbcenter\u00bb qode_css_animation=\u00bb\u00bb][\/vc_column_inner][vc_column_inner width=\u00bb1\/3&#8243; offset=\u00bbvc_col-lg-2 vc_col-xs-4&#8243;][vc_single_image image=\u00bb530&#8243; img_size=\u00bbfull\u00bb alignment=\u00bbcenter\u00bb qode_css_animation=\u00bb\u00bb][\/vc_column_inner][vc_column_inner width=\u00bb1\/3&#8243; offset=\u00bbvc_col-lg-2 vc_col-xs-4&#8243;][vc_single_image image=\u00bb531&#8243; img_size=\u00bbfull\u00bb alignment=\u00bbcenter\u00bb qode_css_animation=\u00bb\u00bb][\/vc_column_inner][\/vc_row_inner][vc_empty_space height=\u00bb60px\u00bb][vc_column_text]<\/p>\n<h2>Productos Ambientales<\/h2>\n<p>[\/vc_column_text][vc_separator type=\u00bbsmall\u00bb position=\u00bbleft\u00bb down=\u00bb15&#8243;][vc_column_text]Tenemos las soluciones para un mundo m\u00e1s limpio. Suministramos materiales absorbentes de calidad, sistemas de contenci\u00f3n secundaria, recolectores de hidrocarburos, barreras de contension, bombas de traciego, tanques de aramado r\u00e1pido, botes para respuestas a emergencias, productos Micro-Blaze para respuestas de remediacion por derrames de hidrocarburos en suelos, Micro-Blaze FOG para degradacion de grasas, aceites y grasas, Micro-Blaze Septic para sistemas s\u00e9pticos y tanques de aguas negras y grises, Micro-Blaze ATP para plantas de tratamiento de aguas, CSR Micro-Blaze para la eliminaci\u00f3n de manchas en el concreto y m\u00e1s. Cuando se trata de emergencias y de la seguridad ambiental, no busque m\u00e1s, OGIS Corp es su primera fuente de respuesta.[\/vc_column_text][vc_empty_space height=\u00bb20px\u00bb][vc_row_inner row_type=\u00bbrow\u00bb type=\u00bbfull_width\u00bb text_align=\u00bbleft\u00bb css_animation=\u00bb\u00bb][vc_column_inner width=\u00bb1\/3&#8243;][vc_single_image image=\u00bb592&#8243; img_size=\u00bb293&#215;220&#8243; add_caption=\u00bbyes\u00bb alignment=\u00bbcenter\u00bb qode_css_animation=\u00bb\u00bb][\/vc_column_inner][vc_column_inner width=\u00bb1\/3&#8243;][vc_single_image image=\u00bb593&#8243; img_size=\u00bb293&#215;220&#8243; add_caption=\u00bbyes\u00bb alignment=\u00bbcenter\u00bb qode_css_animation=\u00bb\u00bb][\/vc_column_inner][vc_column_inner width=\u00bb1\/3&#8243;][vc_single_image image=\u00bb588&#8243; img_size=\u00bb293&#215;220&#8243; add_caption=\u00bbyes\u00bb alignment=\u00bbcenter\u00bb qode_css_animation=\u00bb\u00bb][\/vc_column_inner][\/vc_row_inner][vc_empty_space height=\u00bb20px\u00bb][vc_row_inner row_type=\u00bbrow\u00bb type=\u00bbfull_width\u00bb text_align=\u00bbleft\u00bb css_animation=\u00bb\u00bb][vc_column_inner width=\u00bb1\/3&#8243;][vc_single_image image=\u00bb589&#8243; img_size=\u00bb293&#215;220&#8243; add_caption=\u00bbyes\u00bb alignment=\u00bbcenter\u00bb qode_css_animation=\u00bb\u00bb][\/vc_column_inner][vc_column_inner width=\u00bb1\/3&#8243;][vc_single_image image=\u00bb590&#8243; img_size=\u00bb293&#215;220&#8243; add_caption=\u00bbyes\u00bb alignment=\u00bbcenter\u00bb qode_css_animation=\u00bb\u00bb][\/vc_column_inner][vc_column_inner width=\u00bb1\/3&#8243;][vc_single_image image=\u00bb591&#8243; img_size=\u00bb293&#215;220&#8243; add_caption=\u00bbyes\u00bb alignment=\u00bbcenter\u00bb qode_css_animation=\u00bb\u00bb][\/vc_column_inner][\/vc_row_inner][vc_separator type=\u00bbsmall\u00bb position=\u00bbleft\u00bb down=\u00bb15&#8243;][vc_empty_space height=\u00bb60px\u00bb][vc_column_text]<\/p>\n<h2>Productos Micro-Blaze<\/h2>\n<p>[\/vc_column_text][vc_separator type=\u00bbsmall\u00bb position=\u00bbleft\u00bb down=\u00bb15&#8243;][vc_column_text]OGIS Corp es distribuidor de Micro-Blaze para Latinoam\u00e9rica. Ofrecemos toda la l\u00ednea Microbial de productos a nuestros clientes desde el 2013.<\/p>\n<p>Micro-Blaze contiene una mezcla patentada de agentes humectantes, nutrientes y varias cepas de bacterias Bacillus seguras y no pat\u00f3genas. Cuando se aplica a un derrame, contaminante org\u00e1nico o hidrocarbonado, el agente humectante comienza a descomponer los contaminantes en mol\u00e9culas m\u00e1s peque\u00f1as para una degradaci\u00f3n m\u00e1s eficiente, los microbios convietrten la material organica en subproductos inofensivos como di\u00f3xido de carbono, agua y trazas de sales.[\/vc_column_text][vc_empty_space height=\u00bb20px\u00bb][vc_row_inner row_type=\u00bbrow\u00bb type=\u00bbfull_width\u00bb text_align=\u00bbleft\u00bb css_animation=\u00bb\u00bb][vc_column_inner width=\u00bb1\/4&#8243;][vc_single_image image=\u00bb609&#8243; img_size=\u00bbfull\u00bb add_caption=\u00bbyes\u00bb alignment=\u00bbcenter\u00bb qode_css_animation=\u00bb\u00bb][\/vc_column_inner][vc_column_inner width=\u00bb1\/4&#8243;][vc_single_image image=\u00bb607&#8243; img_size=\u00bbfull\u00bb add_caption=\u00bbyes\u00bb alignment=\u00bbcenter\u00bb qode_css_animation=\u00bb\u00bb][\/vc_column_inner][vc_column_inner width=\u00bb1\/4&#8243;][vc_single_image image=\u00bb611&#8243; img_size=\u00bbfull\u00bb add_caption=\u00bbyes\u00bb alignment=\u00bbcenter\u00bb qode_css_animation=\u00bb\u00bb][\/vc_column_inner][vc_column_inner width=\u00bb1\/4&#8243;][vc_single_image image=\u00bb604&#8243; img_size=\u00bbfull\u00bb add_caption=\u00bbyes\u00bb alignment=\u00bbcenter\u00bb qode_css_animation=\u00bb\u00bb][\/vc_column_inner][\/vc_row_inner][vc_empty_space height=\u00bb20px\u00bb][vc_row_inner row_type=\u00bbrow\u00bb type=\u00bbfull_width\u00bb text_align=\u00bbleft\u00bb css_animation=\u00bb\u00bb][vc_column_inner width=\u00bb1\/4&#8243;][vc_single_image image=\u00bb610&#8243; img_size=\u00bbfull\u00bb add_caption=\u00bbyes\u00bb alignment=\u00bbcenter\u00bb qode_css_animation=\u00bb\u00bb][\/vc_column_inner][vc_column_inner width=\u00bb1\/4&#8243;][vc_single_image image=\u00bb606&#8243; img_size=\u00bbfull\u00bb add_caption=\u00bbyes\u00bb alignment=\u00bbcenter\u00bb qode_css_animation=\u00bb\u00bb][\/vc_column_inner][vc_column_inner width=\u00bb1\/4&#8243;][vc_single_image image=\u00bb605&#8243; img_size=\u00bbfull\u00bb add_caption=\u00bbyes\u00bb alignment=\u00bbcenter\u00bb qode_css_animation=\u00bb\u00bb][\/vc_column_inner][vc_column_inner width=\u00bb1\/4&#8243;][vc_single_image image=\u00bb608&#8243; img_size=\u00bbfull\u00bb add_caption=\u00bbyes\u00bb alignment=\u00bbcenter\u00bb qode_css_animation=\u00bb\u00bb][\/vc_column_inner][\/vc_row_inner][vc_empty_space height=\u00bb60px\u00bb][vc_column_text]<\/p>\n<h2>Incineradores de Desechos<\/h2>\n<p>[\/vc_column_text][vc_separator type=\u00bbsmall\u00bb position=\u00bbleft\u00bb down=\u00bb15&#8243;][vc_column_text]OGIS Corp provee incineradores ambientales para desechos s\u00f3lidos y l\u00edquidos asi como repuestos manufacturados bajo est\u00e1ndares estrictos de QA \/ QC.<\/p>\n<p>Estamos comprometidos con la protecci\u00f3n del medio ambiente, la seguridad y la salud humana. Nuestros incineradores reducen el 99% del volumen de los desechos de manera ambientalmente segura, su operaci\u00f3n es sin humo y sin olores desagradable, m\u00e1xima eficiencia de combustion y consumo m\u00ednimo de servicios, coleccion de matales pesados \/ neutralizaci\u00f3n de \u00e1cidos, recuperaci\u00f3n de energ\u00eda, rendimiento superior de emisiones.<\/p>\n<p>Los incineradores cumplen con las regulaciones de la Agencia de Protecci\u00f3n Ambiental de los Estados Unidos y de la Uni\u00f3n Europea.<\/p>\n<p>\u00danase a nuestro esfuerzo en el excelente \u00a0desempe\u00f1o ambiental. Ll\u00e1menos para obtener asesoramiento y cotizaci\u00f3n para el incinerador\u00a0 que se adecue a las necesidades operacionales del negocio.[\/vc_column_text][vc_empty_space height=\u00bb20px\u00bb][vc_row_inner row_type=\u00bbrow\u00bb type=\u00bbfull_width\u00bb text_align=\u00bbleft\u00bb css_animation=\u00bb\u00bb][vc_column_inner width=\u00bb1\/3&#8243;][vc_single_image image=\u00bb647&#8243; img_size=\u00bbfull\u00bb add_caption=\u00bbyes\u00bb alignment=\u00bbcenter\u00bb qode_css_animation=\u00bb\u00bb][\/vc_column_inner][vc_column_inner width=\u00bb1\/3&#8243;][vc_single_image image=\u00bb642&#8243; img_size=\u00bbfull\u00bb add_caption=\u00bbyes\u00bb alignment=\u00bbcenter\u00bb qode_css_animation=\u00bb\u00bb][\/vc_column_inner][vc_column_inner width=\u00bb1\/3&#8243;][vc_single_image image=\u00bb643&#8243; img_size=\u00bbfull\u00bb add_caption=\u00bbyes\u00bb alignment=\u00bbcenter\u00bb qode_css_animation=\u00bb\u00bb][\/vc_column_inner][\/vc_row_inner][vc_empty_space height=\u00bb20px\u00bb][vc_row_inner row_type=\u00bbrow\u00bb type=\u00bbfull_width\u00bb text_align=\u00bbleft\u00bb css_animation=\u00bb\u00bb][vc_column_inner width=\u00bb1\/3&#8243;][vc_single_image image=\u00bb645&#8243; img_size=\u00bbfull\u00bb add_caption=\u00bbyes\u00bb alignment=\u00bbcenter\u00bb qode_css_animation=\u00bb\u00bb][\/vc_column_inner][vc_column_inner width=\u00bb1\/3&#8243;][vc_single_image image=\u00bb646&#8243; img_size=\u00bbfull\u00bb add_caption=\u00bbyes\u00bb alignment=\u00bbcenter\u00bb qode_css_animation=\u00bb\u00bb][\/vc_column_inner][vc_column_inner width=\u00bb1\/3&#8243;][vc_single_image image=\u00bb644&#8243; img_size=\u00bbfull\u00bb add_caption=\u00bbyes\u00bb alignment=\u00bbcenter\u00bb qode_css_animation=\u00bb\u00bb][\/vc_column_inner][\/vc_row_inner][vc_empty_space height=\u00bb60px\u00bb][vc_column_text]<\/p>\n<h2>Productos Qu\u00edmicos:<\/h2>\n<p>[\/vc_column_text][vc_separator type=\u00bbsmall\u00bb position=\u00bbleft\u00bb down=\u00bb15&#8243;][vc_column_text]<\/p>\n<h4><strong>Qu\u00edmicos para Fluidos de Perforaci\u00f3n Base Agua:<\/strong><\/h4>\n<p>Cloruro de Calcio en Polvo\/Granulado\/hojuelas, Bromuro de Sodio Liquido\/solid, Bromuro de Calcio Liquido\/ Bromuro de Zinc Liquido\/Zinc Solido solid\/ Formiato de Potasio Liquido\/Solido, Formiato de Sodio en Polvo.[\/vc_column_text][vc_empty_space height=\u00bb20px\u00bb][vc_column_text]<\/p>\n<h4><strong>Qu\u00edmicos para Fluidos de Perforaci\u00f3n Base Aceites:<\/strong><\/h4>\n<p>Emulsificantes, Aceite Mineral, Coloide Oleofilico, Hidr\u00f3xido de Calcio, Barita, Carbonato de Calcio.[\/vc_column_text][vc_empty_space height=\u00bb20px\u00bb][vc_column_text]<\/p>\n<h4><strong>Biocidas:<\/strong><\/h4>\n<p>THPS (Tetrakis Hydroximmetryl Phosphonium Sulfato), glutaraldeh\u00eddo, hidrato de hidrazina, bisulfato de amonio.[\/vc_column_text][vc_empty_space height=\u00bb20px\u00bb][vc_column_text]<\/p>\n<h4><strong>Qu\u00edmicos para Fractura:<\/strong><\/h4>\n<p>Agente espesante, agente reticulante, productos qu\u00edmicos estabilizadores de arcilla, control del pH y aditivo.[\/vc_column_text][vc_empty_space height=\u00bb20px\u00bb][vc_column_text]<\/p>\n<h4><strong>Qu\u00edmicos para Tratamiento de Aguas:<\/strong><\/h4>\n<p>Cloruro de polialuminio, PHPA, inhibidor de la corrosi\u00f3n, inhibidor de la escala y fosfonato org\u00e1nico.[\/vc_column_text][vc_row_inner row_type=\u00bbrow\u00bb type=\u00bbfull_width\u00bb text_align=\u00bbleft\u00bb css_animation=\u00bb\u00bb][vc_column_inner width=\u00bb1\/4&#8243;][vc_single_image image=\u00bb537&#8243; img_size=\u00bbfull\u00bb add_caption=\u00bbyes\u00bb alignment=\u00bbcenter\u00bb qode_css_animation=\u00bb\u00bb][\/vc_column_inner][vc_column_inner width=\u00bb1\/4&#8243;][vc_single_image image=\u00bb536&#8243; img_size=\u00bbfull\u00bb add_caption=\u00bbyes\u00bb alignment=\u00bbcenter\u00bb qode_css_animation=\u00bb\u00bb][\/vc_column_inner][vc_column_inner width=\u00bb1\/4&#8243;][vc_single_image image=\u00bb534&#8243; img_size=\u00bbfull\u00bb add_caption=\u00bbyes\u00bb alignment=\u00bbcenter\u00bb qode_css_animation=\u00bb\u00bb][\/vc_column_inner][vc_column_inner width=\u00bb1\/4&#8243;][vc_single_image image=\u00bb535&#8243; img_size=\u00bbfull\u00bb add_caption=\u00bbyes\u00bb alignment=\u00bbcenter\u00bb qode_css_animation=\u00bb\u00bb][\/vc_column_inner][\/vc_row_inner][vc_empty_space][vc_row_inner row_type=\u00bbrow\u00bb type=\u00bbfull_width\u00bb text_align=\u00bbleft\u00bb css_animation=\u00bb\u00bb][vc_column_inner width=\u00bb1\/4&#8243;][vc_single_image image=\u00bb652&#8243; img_size=\u00bbfull\u00bb add_caption=\u00bbyes\u00bb alignment=\u00bbcenter\u00bb qode_css_animation=\u00bb\u00bb][\/vc_column_inner][vc_column_inner width=\u00bb1\/4&#8243;][vc_single_image image=\u00bb651&#8243; img_size=\u00bbfull\u00bb add_caption=\u00bbyes\u00bb alignment=\u00bbcenter\u00bb qode_css_animation=\u00bb\u00bb][\/vc_column_inner][vc_column_inner width=\u00bb1\/4&#8243;][vc_single_image image=\u00bb542&#8243; img_size=\u00bbfull\u00bb add_caption=\u00bbyes\u00bb alignment=\u00bbcenter\u00bb qode_css_animation=\u00bb\u00bb][\/vc_column_inner][vc_column_inner width=\u00bb1\/4&#8243;][vc_single_image image=\u00bb653&#8243; img_size=\u00bbfull\u00bb add_caption=\u00bbyes\u00bb alignment=\u00bbcenter\u00bb qode_css_animation=\u00bb\u00bb][\/vc_column_inner][\/vc_row_inner][\/vc_column][\/vc_row][vc_row row_type=\u00bbrow\u00bb use_row_as_full_screen_section=\u00bbno\u00bb type=\u00bbfull_width\u00bb angled_section=\u00bbno\u00bb text_align=\u00bbleft\u00bb background_image_as_pattern=\u00bbwithout_pattern\u00bb css_animation=\u00bb\u00bb][vc_column][vc_column_text]<\/p>\n<p>[\/vc_column_text][\/vc_column][\/vc_row]<\/p>\n","protected":false},"excerpt":{"rendered":"<p>[vc_row row_type=\u00bbrow\u00bb use_row_as_full_screen_section=\u00bbno\u00bb type=\u00bbfull_width\u00bb angled_section=\u00bbno\u00bb text_align=\u00bbleft\u00bb background_image_as_pattern=\u00bbwithout_pattern\u00bb css_animation=\u00bb\u00bb][vc_column][vc_column_text] Equipos y Materiales Industriales [\/vc_column_text][vc_separator type=\u00bbsmall\u00bb position=\u00bbleft\u00bb down=\u00bb15&#8243;][vc_column_text]Compresores de Aire, V\u00e1lvulas Preventoras, Freno de Bloque, Embrague, Depthometers, Bridas, Drawworks, Herramientas de Pesca, Desanders, Lubricantes, Convertidor dr Torque, Uniones, V\u00e1lvulas, Pinzas, Acoplamientos, Subs, Crosses, Cupas, Cutters, Dampeners, Swages,&#8230;<\/p>\n","protected":false},"author":2,"featured_media":0,"parent":0,"menu_order":0,"comment_status":"closed","ping_status":"closed","template":"","meta":[],"_links":{"self":[{"href":"http:\/\/www.ogiscorp.com\/es\/wp-json\/wp\/v2\/pages\/619"}],"collection":[{"href":"http:\/\/www.ogiscorp.com\/es\/wp-json\/wp\/v2\/pages"}],"about":[{"href":"http:\/\/www.ogiscorp.com\/es\/wp-json\/wp\/v2\/types\/page"}],"author":[{"embeddable":true,"href":"http:\/\/www.ogiscorp.com\/es\/wp-json\/wp\/v2\/users\/2"}],"replies":[{"embeddable":true,"href":"http:\/\/www.ogiscorp.com\/es\/wp-json\/wp\/v2\/comments?post=619"}],"version-history":[{"count":3,"href":"http:\/\/www.ogiscorp.com\/es\/wp-json\/wp\/v2\/pages\/619\/revisions"}],"predecessor-version":[{"id":805,"href":"http:\/\/www.ogiscorp.com\/es\/wp-json\/wp\/v2\/pages\/619\/revisions\/805"}],"wp:attachment":[{"href":"http:\/\/www.ogiscorp.com\/es\/wp-json\/wp\/v2\/media?parent=619"}],"curies":[{"name":"wp","href":"https:\/\/api.w.org\/{rel}","templated":true}]}}